{"id":1778,"date":"2025-04-23T15:00:34","date_gmt":"2025-04-23T15:00:34","guid":{"rendered":"https:\/\/feldmilla.com\/no-pets\/"},"modified":"2025-05-13T17:45:31","modified_gmt":"2025-05-13T17:45:31","slug":"keine-haustiere","status":"publish","type":"page","link":"https:\/\/feldmilla.com\/de\/nuetzliche-informationen\/keine-haustiere\/","title":{"rendered":"Keine Haustiere"},"content":{"rendered":"[vc_row type=&#8221;full_width_content&#8221; full_screen_row_position=&#8221;middle&#8221; column_margin=&#8221;default&#8221; column_direction=&#8221;default&#8221; column_direction_tablet=&#8221;default&#8221; column_direction_phone=&#8221;default&#8221; scene_position=&#8221;center&#8221; top_padding=&#8221;6%&#8221; bottom_padding=&#8221;6%&#8221; left_padding_desktop=&#8221;8%&#8221; constrain_group_2=&#8221;yes&#8221; right_padding_desktop=&#8221;8%&#8221; text_color=&#8221;dark&#8221; text_align=&#8221;left&#8221; row_border_radius=&#8221;none&#8221; row_border_radius_applies=&#8221;bg&#8221; overflow=&#8221;visible&#8221; overlay_strength=&#8221;0.3&#8243; gradient_direction=&#8221;left_to_right&#8221; shape_divider_position=&#8221;bottom&#8221; bg_image_animation=&#8221;none&#8221; gradient_type=&#8221;default&#8221; shape_type=&#8221;&#8221;][vc_column column_padding=&#8221;no-extra-padding&#8221; column_padding_tablet=&#8221;inherit&#8221; column_padding_phone=&#8221;inherit&#8221; column_padding_position=&#8221;all&#8221; column_element_direction_desktop=&#8221;default&#8221; column_element_spacing=&#8221;default&#8221; desktop_text_alignment=&#8221;default&#8221; tablet_text_alignment=&#8221;default&#8221; phone_text_alignment=&#8221;default&#8221; background_color_opacity=&#8221;1&#8243; background_hover_color_opacity=&#8221;1&#8243; column_backdrop_filter=&#8221;none&#8221; column_shadow=&#8221;none&#8221; column_border_radius=&#8221;none&#8221; column_link_target=&#8221;_self&#8221; column_position=&#8221;default&#8221; gradient_direction=&#8221;left_to_right&#8221; overlay_strength=&#8221;0.3&#8243; width=&#8221;1\/1&#8243; tablet_width_inherit=&#8221;default&#8221; animation_type=&#8221;default&#8221; bg_image_animation=&#8221;none&#8221; border_type=&#8221;simple&#8221; column_border_width=&#8221;none&#8221; column_border_style=&#8221;solid&#8221;][vc_custom_heading text=&#8221;No Pets&#8221; font_container=&#8221;tag:h2|font_size:50|text_align:left|color:%23333333&#8243; use_theme_fonts=&#8221;yes&#8221;][divider line_type=&#8221;No Line&#8221; custom_height=&#8221;30&#8243;][vc_row_inner column_margin=&#8221;default&#8221; column_direction=&#8221;default&#8221; column_direction_tablet=&#8221;default&#8221; column_direction_phone=&#8221;default&#8221; text_align=&#8221;left&#8221; row_position=&#8221;default&#8221; row_position_tablet=&#8221;inherit&#8221; row_position_phone=&#8221;inherit&#8221; overflow=&#8221;visible&#8221; pointer_events=&#8221;all&#8221;][vc_column_inner column_padding=&#8221;no-extra-padding&#8221; column_padding_tablet=&#8221;inherit&#8221; column_padding_phone=&#8221;inherit&#8221; column_padding_position=&#8221;all&#8221; column_element_direction_desktop=&#8221;default&#8221; column_element_spacing=&#8221;default&#8221; desktop_text_alignment=&#8221;default&#8221; tablet_text_alignment=&#8221;default&#8221; phone_text_alignment=&#8221;default&#8221; background_color_opacity=&#8221;1&#8243; background_hover_color_opacity=&#8221;1&#8243; column_backdrop_filter=&#8221;none&#8221; column_shadow=&#8221;none&#8221; column_border_radius=&#8221;none&#8221; column_link_target=&#8221;_self&#8221; overflow=&#8221;visible&#8221; gradient_direction=&#8221;left_to_right&#8221; overlay_strength=&#8221;0.3&#8243; width=&#8221;2\/3&#8243; tablet_width_inherit=&#8221;default&#8221; animation_type=&#8221;default&#8221; bg_image_animation=&#8221;none&#8221; border_type=&#8221;simple&#8221; column_border_width=&#8221;none&#8221; column_border_style=&#8221;solid&#8221;][vc_column_text]\n<p class=\"\" data-start=\"2267\" data-end=\"2340\"><strong data-start=\"2267\" data-end=\"2296\">Ein R\u00fcckzugsort der Ruhe.<\/strong><br data-start=\"2296\" data-end=\"2299\" \/>Ohne Sorgen. Ohne Stress. Ohne Haustiere.<\/p>\n<p class=\"\" data-start=\"2342\" data-end=\"2592\">Es gibt Momente, in denen man das Bed\u00fcrfnis versp\u00fcrt, stehen zu bleiben. Tief durchzuatmen. Sich selbst wiederzufinden \u2013 fernab von L\u00e4rm, Gewohnheiten und Verpflichtungen.<br data-start=\"2513\" data-end=\"2516\" \/>Diesen Moment nennen wir Urlaub. Und wir m\u00f6chten, dass er wirklich so ist.<\/p>\n<p class=\"\" data-start=\"2594\" data-end=\"3027\">F\u00fcr viele geh\u00f6rt der eigene Hund zur Freude des Reisens dazu. F\u00fcr andere bedeutet echtes Gl\u00fcck, eine Auszeit an einem Ort zu genie\u00dfen, an dem die Ruhe nicht von Bellen gest\u00f6rt wird, die Gemeinschaftsbereiche nur nach Holz und Natur duften und es keine Angst, Allergie oder Unbehagen gibt.<br data-start=\"2882\" data-end=\"2885\" \/>Deshalb haben wir uns bewusst daf\u00fcr entschieden, ein <strong data-start=\"2938\" data-end=\"2962\">haustierfreies Hotel<\/strong> zu sein \u2013 aus R\u00fccksicht auf die Bed\u00fcrfnisse all unserer G\u00e4ste.<\/p>\n<p class=\"\" data-start=\"3029\" data-end=\"3159\">F\u00fcr Allergiker, f\u00fcr Menschen, die einen gesch\u00fctzten Raum suchen, oder f\u00fcr alle, die einfach Stille und Harmonie erleben m\u00f6chten.<\/p>\n<p class=\"\" data-start=\"3161\" data-end=\"3391\">Ein Urlaub in den Dolomiten, gepr\u00e4gt von bewusstem Atmen, klaren R\u00e4umen und echter Freiheit.<br data-start=\"3253\" data-end=\"3256\" \/>Das ist kein Verzicht \u2013 es ist ein Versprechen: das Versprechen, Ihnen einen Ort zu bieten, an dem Sie sich wirklich wohlf\u00fchlen k\u00f6nnen.<\/p>\n<p class=\"\" data-start=\"3393\" data-end=\"3460\"><strong data-start=\"3393\" data-end=\"3422\">Ein Urlaub ohne Haustiere<\/strong><br data-start=\"3422\" data-end=\"3425\" \/>Ruhe. Entspannung. Frei durchatmen.<\/p>\n<p class=\"\" data-start=\"3462\" data-end=\"3730\">Endlich Urlaub: eine Gelegenheit, abzuschalten, zu entschleunigen und den Alltag hinter sich zu lassen.<br data-start=\"3565\" data-end=\"3568\" \/>Doch diese Ruhe kann leicht gest\u00f6rt werden, wenn im Foyer, im Nebenzimmer oder im Garten der lebhafte Hund eines anderen Gastes lautstark seine Umgebung erkundet.<\/p>\n<p class=\"\" data-start=\"3732\" data-end=\"3984\">Wir wissen, dass der Hund f\u00fcr viele ein fester Teil der Urlaubsfreude ist.<br data-start=\"3806\" data-end=\"3809\" \/>Doch wir verstehen und respektieren ebenso diejenigen, die sich eine Auszeit <strong data-start=\"3886\" data-end=\"3904\">ohne Haustiere<\/strong> w\u00fcnschen \u2013 in einem Umfeld voller Stille, nat\u00fcrlicher D\u00fcfte und Unabh\u00e4ngigkeit.<\/p>\n<p class=\"\" data-start=\"3986\" data-end=\"4019\"><strong data-start=\"3986\" data-end=\"4019\">Urlaub ohne Hunde in S\u00fcdtirol<\/strong><\/p>\n<p class=\"\" data-start=\"4021\" data-end=\"4274\">Unsere Entscheidung, ein haustierfreies Hotel zu sein, basiert auf mehreren Gr\u00fcnden.<br data-start=\"4105\" data-end=\"4108\" \/>Viele G\u00e4ste leiden unter Tierhaarallergien und sch\u00e4tzen es, in Zimmern, Suiten und Gemeinschaftsbereichen zu wohnen, in denen sie frei und unbeschwert atmen k\u00f6nnen.<\/p>\n<p class=\"\" data-start=\"4276\" data-end=\"4519\">Andere f\u00fchlen sich einfach unwohl oder haben Angst in der N\u00e4he von Hunden. Ganz gleich, ob diese Angst rational ist oder nicht \u2013 f\u00fcr uns z\u00e4hlt, dass jeder Gast sich bei uns sicher und wohlf\u00fchlen kann und den Aufenthalt in vollen Z\u00fcgen genie\u00dft.<\/p>\n[\/vc_column_text][\/vc_column_inner][vc_column_inner column_padding=&#8221;no-extra-padding&#8221; column_padding_tablet=&#8221;inherit&#8221; column_padding_phone=&#8221;inherit&#8221; column_padding_position=&#8221;all&#8221; column_element_direction_desktop=&#8221;default&#8221; column_element_spacing=&#8221;default&#8221; desktop_text_alignment=&#8221;default&#8221; tablet_text_alignment=&#8221;default&#8221; phone_text_alignment=&#8221;default&#8221; background_color_opacity=&#8221;1&#8243; background_hover_color_opacity=&#8221;1&#8243; column_backdrop_filter=&#8221;none&#8221; column_shadow=&#8221;none&#8221; column_border_radius=&#8221;none&#8221; column_link_target=&#8221;_self&#8221; overflow=&#8221;visible&#8221; gradient_direction=&#8221;left_to_right&#8221; overlay_strength=&#8221;0.3&#8243; width=&#8221;1\/3&#8243; tablet_width_inherit=&#8221;default&#8221; animation_type=&#8221;default&#8221; bg_image_animation=&#8221;none&#8221; border_type=&#8221;simple&#8221; column_border_width=&#8221;none&#8221; column_border_style=&#8221;solid&#8221;][\/vc_column_inner][\/vc_row_inner][\/vc_column][\/vc_row]\n","protected":false},"excerpt":{"rendered":"<p>[vc_row type=&#8221;full_width_content&#8221; full_screen_row_position=&#8221;middle&#8221; column_margin=&#8221;default&#8221; column_direction=&#8221;default&#8221; column_direction_tablet=&#8221;default&#8221; column_direction_phone=&#8221;default&#8221; scene_position=&#8221;center&#8221; top_padding=&#8221;6%&#8221; bottom_padding=&#8221;6%&#8221; left_padding_desktop=&#8221;8%&#8221; constrain_group_2=&#8221;yes&#8221; right_padding_desktop=&#8221;8%&#8221; text_color=&#8221;dark&#8221; text_align=&#8221;left&#8221; row_border_radius=&#8221;none&#8221; row_border_radius_applies=&#8221;bg&#8221; overflow=&#8221;visible&#8221; overlay_strength=&#8221;0.3&#8243; gradient_direction=&#8221;left_to_right&#8221; shape_divider_position=&#8221;bottom&#8221; bg_image_animation=&#8221;none&#8221; gradient_type=&#8221;default&#8221; shape_type=&#8221;&#8221;][vc_column column_padding=&#8221;no-extra-padding&#8221; column_padding_tablet=&#8221;inherit&#8221; column_padding_phone=&#8221;inherit&#8221; column_padding_position=&#8221;all&#8221; column_element_direction_desktop=&#8221;default&#8221; column_element_spacing=&#8221;default&#8221;&#8230;<\/p>\n","protected":false},"author":6,"featured_media":0,"parent":1828,"menu_order":0,"comment_status":"closed","ping_status":"closed","template":"","meta":{"_acf_changed":false,"footnotes":""},"class_list":["post-1778","page","type-page","status-publish"],"acf":[],"yoast_head":"<!-- This site is optimized with the Yoast SEO plugin v25.0 - https:\/\/yoast.com\/wordpress\/plugins\/seo\/ -->\n<title>Keine Haustiere erlaubt - Feldmilla Design Hotel \u2013 Wellness &amp; SPA<\/title>\n<meta name=\"description\" content=\"Wir haben uns entschieden, keine Haustiere aufzunehmen, um G\u00e4ste mit Allergien oder Unbehagen in der N\u00e4he von Hunden zu sch\u00fctzen und eine ruhige, angenehme Atmosph\u00e4re f\u00fcr alle zu gew\u00e4hrleisten.\" \/>\n<meta name=\"robots\" content=\"index, follow, max-snippet:-1, max-image-preview:large, max-video-preview:-1\" \/>\n<link rel=\"canonical\" href=\"https:\/\/feldmilla.com\/de\/nuetzliche-informationen\/keine-haustiere\/\" \/>\n<meta property=\"og:locale\" content=\"de_DE\" \/>\n<meta property=\"og:type\" content=\"article\" \/>\n<meta property=\"og:title\" content=\"Keine Haustiere erlaubt - Feldmilla Design Hotel \u2013 Wellness &amp; SPA\" \/>\n<meta property=\"og:description\" content=\"Wir haben uns entschieden, keine Haustiere aufzunehmen, um G\u00e4ste mit Allergien oder Unbehagen in der N\u00e4he von Hunden zu sch\u00fctzen und eine ruhige, angenehme Atmosph\u00e4re f\u00fcr alle zu gew\u00e4hrleisten.\" \/>\n<meta property=\"og:url\" content=\"https:\/\/feldmilla.com\/de\/nuetzliche-informationen\/keine-haustiere\/\" \/>\n<meta property=\"og:site_name\" content=\"Feldmilla Design Hotel \u2013 Wellness &amp; SPA\" \/>\n<meta property=\"article:modified_time\" content=\"2025-05-13T17:45:31+00:00\" \/>\n<meta name=\"twitter:card\" content=\"summary_large_image\" \/>\n<meta name=\"twitter:label1\" content=\"Gesch\u00e4tzte Lesezeit\" \/>\n\t<meta name=\"twitter:data1\" content=\"3\u00a0Minuten\" \/>\n<script type=\"application\/ld+json\" class=\"yoast-schema-graph\">{\"@context\":\"https:\/\/schema.org\",\"@graph\":[{\"@type\":\"WebPage\",\"@id\":\"https:\/\/feldmilla.com\/de\/nuetzliche-informationen\/keine-haustiere\/\",\"url\":\"https:\/\/feldmilla.com\/de\/nuetzliche-informationen\/keine-haustiere\/\",\"name\":\"Keine Haustiere erlaubt - Feldmilla Design Hotel \u2013 Wellness &amp; SPA\",\"isPartOf\":{\"@id\":\"https:\/\/feldmilla.com\/de\/#website\"},\"datePublished\":\"2025-04-23T15:00:34+00:00\",\"dateModified\":\"2025-05-13T17:45:31+00:00\",\"description\":\"Wir haben uns entschieden, keine Haustiere aufzunehmen, um G\u00e4ste mit Allergien oder Unbehagen in der N\u00e4he von Hunden zu sch\u00fctzen und eine ruhige, angenehme Atmosph\u00e4re f\u00fcr alle zu gew\u00e4hrleisten.\",\"breadcrumb\":{\"@id\":\"https:\/\/feldmilla.com\/de\/nuetzliche-informationen\/keine-haustiere\/#breadcrumb\"},\"inLanguage\":\"de\",\"potentialAction\":[{\"@type\":\"ReadAction\",\"target\":[\"https:\/\/feldmilla.com\/de\/nuetzliche-informationen\/keine-haustiere\/\"]}]},{\"@type\":\"BreadcrumbList\",\"@id\":\"https:\/\/feldmilla.com\/de\/nuetzliche-informationen\/keine-haustiere\/#breadcrumb\",\"itemListElement\":[{\"@type\":\"ListItem\",\"position\":1,\"name\":\"Home\",\"item\":\"https:\/\/feldmilla.com\/de\/\"},{\"@type\":\"ListItem\",\"position\":2,\"name\":\"N\u00fctzliche Informationen\",\"item\":\"https:\/\/feldmilla.com\/de\/nuetzliche-informationen\/\"},{\"@type\":\"ListItem\",\"position\":3,\"name\":\"Keine Haustiere\"}]},{\"@type\":\"WebSite\",\"@id\":\"https:\/\/feldmilla.com\/de\/#website\",\"url\":\"https:\/\/feldmilla.com\/de\/\",\"name\":\"Feldmilla Design Hotel \u2013 Wellness & SPA\",\"description\":\"Hotel 4 Stelle Superior Campo Tures, Vacanze Wellness\",\"potentialAction\":[{\"@type\":\"SearchAction\",\"target\":{\"@type\":\"EntryPoint\",\"urlTemplate\":\"https:\/\/feldmilla.com\/de\/?s={search_term_string}\"},\"query-input\":{\"@type\":\"PropertyValueSpecification\",\"valueRequired\":true,\"valueName\":\"search_term_string\"}}],\"inLanguage\":\"de\"}]}<\/script>\n<!-- \/ Yoast SEO plugin. -->","yoast_head_json":{"title":"Keine Haustiere erlaubt - Feldmilla Design Hotel \u2013 Wellness &amp; SPA","description":"Wir haben uns entschieden, keine Haustiere aufzunehmen, um G\u00e4ste mit Allergien oder Unbehagen in der N\u00e4he von Hunden zu sch\u00fctzen und eine ruhige, angenehme Atmosph\u00e4re f\u00fcr alle zu gew\u00e4hrleisten.","robots":{"index":"index","follow":"follow","max-snippet":"max-snippet:-1","max-image-preview":"max-image-preview:large","max-video-preview":"max-video-preview:-1"},"canonical":"https:\/\/feldmilla.com\/de\/nuetzliche-informationen\/keine-haustiere\/","og_locale":"de_DE","og_type":"article","og_title":"Keine Haustiere erlaubt - Feldmilla Design Hotel \u2013 Wellness &amp; SPA","og_description":"Wir haben uns entschieden, keine Haustiere aufzunehmen, um G\u00e4ste mit Allergien oder Unbehagen in der N\u00e4he von Hunden zu sch\u00fctzen und eine ruhige, angenehme Atmosph\u00e4re f\u00fcr alle zu gew\u00e4hrleisten.","og_url":"https:\/\/feldmilla.com\/de\/nuetzliche-informationen\/keine-haustiere\/","og_site_name":"Feldmilla Design Hotel \u2013 Wellness &amp; SPA","article_modified_time":"2025-05-13T17:45:31+00:00","twitter_card":"summary_large_image","twitter_misc":{"Gesch\u00e4tzte Lesezeit":"3\u00a0Minuten"},"schema":{"@context":"https:\/\/schema.org","@graph":[{"@type":"WebPage","@id":"https:\/\/feldmilla.com\/de\/nuetzliche-informationen\/keine-haustiere\/","url":"https:\/\/feldmilla.com\/de\/nuetzliche-informationen\/keine-haustiere\/","name":"Keine Haustiere erlaubt - Feldmilla Design Hotel \u2013 Wellness &amp; SPA","isPartOf":{"@id":"https:\/\/feldmilla.com\/de\/#website"},"datePublished":"2025-04-23T15:00:34+00:00","dateModified":"2025-05-13T17:45:31+00:00","description":"Wir haben uns entschieden, keine Haustiere aufzunehmen, um G\u00e4ste mit Allergien oder Unbehagen in der N\u00e4he von Hunden zu sch\u00fctzen und eine ruhige, angenehme Atmosph\u00e4re f\u00fcr alle zu gew\u00e4hrleisten.","breadcrumb":{"@id":"https:\/\/feldmilla.com\/de\/nuetzliche-informationen\/keine-haustiere\/#breadcrumb"},"inLanguage":"de","potentialAction":[{"@type":"ReadAction","target":["https:\/\/feldmilla.com\/de\/nuetzliche-informationen\/keine-haustiere\/"]}]},{"@type":"BreadcrumbList","@id":"https:\/\/feldmilla.com\/de\/nuetzliche-informationen\/keine-haustiere\/#breadcrumb","itemListElement":[{"@type":"ListItem","position":1,"name":"Home","item":"https:\/\/feldmilla.com\/de\/"},{"@type":"ListItem","position":2,"name":"N\u00fctzliche Informationen","item":"https:\/\/feldmilla.com\/de\/nuetzliche-informationen\/"},{"@type":"ListItem","position":3,"name":"Keine Haustiere"}]},{"@type":"WebSite","@id":"https:\/\/feldmilla.com\/de\/#website","url":"https:\/\/feldmilla.com\/de\/","name":"Feldmilla Design Hotel \u2013 Wellness & SPA","description":"Hotel 4 Stelle Superior Campo Tures, Vacanze Wellness","potentialAction":[{"@type":"SearchAction","target":{"@type":"EntryPoint","urlTemplate":"https:\/\/feldmilla.com\/de\/?s={search_term_string}"},"query-input":{"@type":"PropertyValueSpecification","valueRequired":true,"valueName":"search_term_string"}}],"inLanguage":"de"}]}},"_links":{"self":[{"href":"https:\/\/feldmilla.com\/de\/wp-json\/wp\/v2\/pages\/1778","targetHints":{"allow":["GET"]}}],"collection":[{"href":"https:\/\/feldmilla.com\/de\/wp-json\/wp\/v2\/pages"}],"about":[{"href":"https:\/\/feldmilla.com\/de\/wp-json\/wp\/v2\/types\/page"}],"author":[{"embeddable":true,"href":"https:\/\/feldmilla.com\/de\/wp-json\/wp\/v2\/users\/6"}],"replies":[{"embeddable":true,"href":"https:\/\/feldmilla.com\/de\/wp-json\/wp\/v2\/comments?post=1778"}],"version-history":[{"count":3,"href":"https:\/\/feldmilla.com\/de\/wp-json\/wp\/v2\/pages\/1778\/revisions"}],"predecessor-version":[{"id":1951,"href":"https:\/\/feldmilla.com\/de\/wp-json\/wp\/v2\/pages\/1778\/revisions\/1951"}],"up":[{"embeddable":true,"href":"https:\/\/feldmilla.com\/de\/wp-json\/wp\/v2\/pages\/1828"}],"wp:attachment":[{"href":"https:\/\/feldmilla.com\/de\/wp-json\/wp\/v2\/media?parent=1778"}],"curies":[{"name":"wp","href":"https:\/\/api.w.org\/{rel}","templated":true}]}}